{"id":1469,"date":"2022-03-25T10:58:28","date_gmt":"2022-03-25T10:58:28","guid":{"rendered":"https:\/\/dreamtech5.com\/web\/?page_id=1469"},"modified":"2023-09-07T11:42:35","modified_gmt":"2023-09-07T09:42:35","slug":"aviso-legal","status":"publish","type":"page","link":"https:\/\/dreamtech5.com\/web\/es\/aviso-legal\/","title":{"rendered":"Aviso legal"},"content":{"rendered":"\t\t<div data-elementor-type=\"wp-page\" data-elementor-id=\"1469\" class=\"elementor elementor-1469\" data-elementor-post-type=\"page\">\n\t\t\t\t\t\t<section class=\"elementor-section elementor-top-section elementor-element elementor-element-70ae5cd elementor-section-boxed elementor-section-height-default elementor-section-height-default\" data-id=\"70ae5cd\" data-element_type=\"section\" data-settings=\"{&quot;jet_parallax_layout_list&quot;:[]}\">\n\t\t\t\t\t\t<div class=\"elementor-container elementor-column-gap-default\">\n\t\t\t\t\t<div class=\"elementor-column elementor-col-100 elementor-top-column elementor-element elementor-element-0cfc9dc\" data-id=\"0cfc9dc\" data-element_type=\"column\">\n\t\t\t<div class=\"elementor-widget-wrap elementor-element-populated\">\n\t\t\t\t\t\t<div class=\"elementor-element elementor-element-8f30715 elementor-widget elementor-widget-heading\" data-id=\"8f30715\" data-element_type=\"widget\" data-widget_type=\"heading.default\">\n\t\t\t\t<div class=\"elementor-widget-container\">\n\t\t\t<h3 class=\"elementor-heading-title elementor-size-default\">Aviso legal<\/h3>\t\t<\/div>\n\t\t\t\t<\/div>\n\t\t\t\t<div class=\"elementor-element elementor-element-09387f1 elementor-widget elementor-widget-text-editor\" data-id=\"09387f1\" data-element_type=\"widget\" data-widget_type=\"text-editor.default\">\n\t\t\t\t<div class=\"elementor-widget-container\">\n\t\t\t\t\t\t\t<h3>TITULARIDAD<\/h3><p>Se informa a los usuarios de la presente p\u00e1gina web, en adelante Usuario, que el titular del website https:\/\/www.dreamtech5.com, en adelante Sitio Web, es la BCN NET TRANSLATIONS SL, cuya direcci\u00f3n es C\/ San Josep 12, 1. 08302 Matar\u00f3 (Barcelona)<\/p><h3>CONDICIONES DE USO<\/h3><p>El acceso al Sitio Web es libre y gratuito siempre que el usuario acepte las condiciones de uso que se le muestren al entrar seg\u00fan la legislaci\u00f3n vigente.<\/p><p>Si el usuario se suscribe a cualquier servicio del Sitio Web lo har\u00e1 aceptando las Condiciones de Uso y Pol\u00edtica de Privacidad y Cookies que se le mostrar\u00e1n.<\/p><h3>VERACIDAD DE LOS DATOS<\/h3><p>El Usuario reconoce que los datos suministrados son veraces y ciertos, comprometi\u00e9ndose a notificar cualquier cambio o modificaci\u00f3n que se produzca en los mismos<\/p><h3>MODIFICACI\u00d3N DEL SERVICIO<\/h3><p>Sitio Web se reserva el derecho de modificar o eliminar los servicios que ofrece a trav\u00e9s de la web.<\/p><h3>NORMAS GENERALES DE USO<\/h3><p>El Usuario se obliga a utilizar este Sitio Web de forma diligente, correcta y respetuosa, en especial cuando publique opiniones y\/o comentarios.<\/p><p>Asimismo, se obliga a t\u00edtulo meramente enunciativo a no realizar comentarios o acciones:<\/p><p>Difamatorios, inexactos, falsos, abusivos, injuriosos, obscenos, irreverentes, ofensivos, insultantes, t\u00e1cita o expresamente sexuales, amenazantes, acosadores, racistas, sexistas, discriminatorios por cualquier motivo, que atenten contra la moral, el orden p\u00fablico, los derechos fundamentales, las libertas p\u00fablicas, el honor, la intimidad o la imagen de terceros y en general la normativa vigente, y\/o ilegales o infractores de derechos de terceros (por ejemplo, p.e., derechos de propiedad industrial e intelectual; derechos de privacidad o publicidad).<\/p><p>Transmisores de correo basura, \u201cSPAM\u201d, mensajes con fines comerciales, \u201ccartas en cadena\u201d o mailings masivos no solicitados, falsos, enga\u00f1osos o promuevan actividades ilegales o conducta grosera, amenazante, obscena, difamatoria o injuriosa.<\/p><p>Que suministren informaci\u00f3n pr\u00e1ctica sobre actividades ilegales.<\/p><p>Que conlleven cualquier actividad comercial, publicidad o ventas, incluso aunque no haya contraprestaci\u00f3n monetaria.<\/p><p>Que contengan datos de car\u00e1cter personal sobre terceras personas que requieran el consentimiento del propietario o titular de los derechos.<\/p><p>El Usuario responder\u00e1 frente a Sitio Web o frente a cualquier tercero, de cualesquiera da\u00f1os y perjuicios que pudieran causarse como consecuencia del incumplimiento de dicha obligaci\u00f3n. Sitio Web no interviene los contenidos de los Usuarios.<\/p><h3>PROPIEDAD INTELECTUAL<\/h3><p>Mediante estas condiciones legales no se cede ning\u00fan derecho de propiedad intelectual o industrial sobre este Sitio Web y sus contenidos (fotograf\u00edas, v\u00eddeos, creaciones, textos,&#8230;). Quedando expresamente prohibido al usuario la reproducci\u00f3n, transformaci\u00f3n, distribuci\u00f3n, comunicaci\u00f3n p\u00fablica, puesta a disposici\u00f3n, extracci\u00f3n, reutilizaci\u00f3n, reenv\u00edo o la utilizaci\u00f3n de cualquier naturaleza, por cualquier medio o procedimiento, de cualquiera de ellos, salvo en los casos en que est\u00e9 legalmente permitido o sea autorizado por el titular de los correspondientes derechos.<\/p><h3>OBLIGACIONES DE SITIO WEB<\/h3><p>Sitio Web es responsable de los servicios que presta por ella misma y de los contenidos directamente originados por la propio web e identificados con su correspondiente copyright.<\/p><p>Sitio Web adoptar\u00e1 las medidas necesarias que permitan garantizar la seguridad y privacidad en la comunicaciones.<\/p><p>Sitio Web se reserva el derecho a suspender temporalmente la prestaci\u00f3n del servicio sin previo aviso al Usuario, siempre y cuando sea necesario para efectuar operaciones de mantenimiento, actualizaci\u00f3n o mejora del servicio.<\/p><p>Sitio Web no puede asegurar la disponibilidad y continuidad permanente del servicio web debido a interrupciones, fallos etc.<\/p>\t\t\t\t\t\t<\/div>\n\t\t\t\t<\/div>\n\t\t\t\t\t<\/div>\n\t\t<\/div>\n\t\t\t\t\t<\/div>\n\t\t<\/section>\n\t\t\t\t<\/div>\n\t\t","protected":false},"excerpt":{"rendered":"<p>TITULARIDAD Se informa a los usuarios de la presente p\u00e1gina web, en adelante Usuario, que el titular del website https:\/\/www.dreamtech5.com, en adelante Sitio Web, es la BCN NET TRANSLATIONS SL, cuya direcci\u00f3n es C\/ San Josep 12, 1. 08302 Matar\u00f3 (Barcelona) CONDICIONES DE USO El acceso al Sitio Web es libre y gratuito siempre que [&hellip;]<\/p>\n","protected":false},"author":1,"featured_media":0,"parent":0,"menu_order":0,"comment_status":"closed","ping_status":"closed","template":"","meta":{"content-type":"","inline_featured_image":false,"ocean_post_layout":"","ocean_both_sidebars_style":"","ocean_both_sidebars_content_width":0,"ocean_both_sidebars_sidebars_width":0,"ocean_sidebar":"0","ocean_second_sidebar":"0","ocean_disable_margins":"enable","ocean_add_body_class":"","ocean_shortcode_before_top_bar":"","ocean_shortcode_after_top_bar":"","ocean_shortcode_before_header":"","ocean_shortcode_after_header":"","ocean_has_shortcode":"","ocean_shortcode_after_title":"","ocean_shortcode_before_footer_widgets":"","ocean_shortcode_after_footer_widgets":"","ocean_shortcode_before_footer_bottom":"","ocean_shortcode_after_footer_bottom":"","ocean_display_top_bar":"default","ocean_display_header":"default","ocean_header_style":"","ocean_center_header_left_menu":"0","ocean_custom_header_template":"0","ocean_custom_logo":0,"ocean_custom_retina_logo":0,"ocean_custom_logo_max_width":0,"ocean_custom_logo_tablet_max_width":0,"ocean_custom_logo_mobile_max_width":0,"ocean_custom_logo_max_height":0,"ocean_custom_logo_tablet_max_height":0,"ocean_custom_logo_mobile_max_height":0,"ocean_header_custom_menu":"0","ocean_menu_typo_font_family":"0","ocean_menu_typo_font_subset":"","ocean_menu_typo_font_size":0,"ocean_menu_typo_font_size_tablet":0,"ocean_menu_typo_font_size_mobile":0,"ocean_menu_typo_font_size_unit":"px","ocean_menu_typo_font_weight":"","ocean_menu_typo_font_weight_tablet":"","ocean_menu_typo_font_weight_mobile":"","ocean_menu_typo_transform":"","ocean_menu_typo_transform_tablet":"","ocean_menu_typo_transform_mobile":"","ocean_menu_typo_line_height":0,"ocean_menu_typo_line_height_tablet":0,"ocean_menu_typo_line_height_mobile":0,"ocean_menu_typo_line_height_unit":"","ocean_menu_typo_spacing":0,"ocean_menu_typo_spacing_tablet":0,"ocean_menu_typo_spacing_mobile":0,"ocean_menu_typo_spacing_unit":"","ocean_menu_link_color":"","ocean_menu_link_color_hover":"","ocean_menu_link_color_active":"","ocean_menu_link_background":"","ocean_menu_link_hover_background":"","ocean_menu_link_active_background":"","ocean_menu_social_links_bg":"","ocean_menu_social_hover_links_bg":"","ocean_menu_social_links_color":"","ocean_menu_social_hover_links_color":"","ocean_disable_title":"default","ocean_disable_heading":"default","ocean_post_title":"","ocean_post_subheading":"","ocean_post_title_style":"","ocean_post_title_background_color":"","ocean_post_title_background":0,"ocean_post_title_bg_image_position":"","ocean_post_title_bg_image_attachment":"","ocean_post_title_bg_image_repeat":"","ocean_post_title_bg_image_size":"","ocean_post_title_height":0,"ocean_post_title_bg_overlay":0.5,"ocean_post_title_bg_overlay_color":"","ocean_disable_breadcrumbs":"default","ocean_breadcrumbs_color":"","ocean_breadcrumbs_separator_color":"","ocean_breadcrumbs_links_color":"","ocean_breadcrumbs_links_hover_color":"","ocean_display_footer_widgets":"default","ocean_display_footer_bottom":"default","ocean_custom_footer_template":"0","footnotes":""},"class_list":["post-1469","page","type-page","status-publish","hentry","entry"],"yoast_head":"<!-- This site is optimized with the Yoast SEO plugin v23.1 - https:\/\/yoast.com\/wordpress\/plugins\/seo\/ -->\n<title>Aviso legal - Dreamtech<\/title>\n<meta name=\"robots\" content=\"noindex, nofollow\" \/>\n<meta property=\"og:locale\" content=\"es_ES\" \/>\n<meta property=\"og:type\" content=\"article\" \/>\n<meta property=\"og:title\" content=\"Aviso legal - Dreamtech\" \/>\n<meta property=\"og:description\" content=\"TITULARIDAD Se informa a los usuarios de la presente p\u00e1gina web, en adelante Usuario, que el titular del website https:\/\/www.dreamtech5.com, en adelante Sitio Web, es la BCN NET TRANSLATIONS SL, cuya direcci\u00f3n es C\/ San Josep 12, 1. 08302 Matar\u00f3 (Barcelona) CONDICIONES DE USO El acceso al Sitio Web es libre y gratuito siempre que [&hellip;]\" \/>\n<meta property=\"og:url\" content=\"https:\/\/dreamtech5.com\/web\/es\/aviso-legal\/\" \/>\n<meta property=\"og:site_name\" content=\"Dreamtech\" \/>\n<meta property=\"article:modified_time\" content=\"2023-09-07T09:42:35+00:00\" \/>\n<meta name=\"twitter:card\" content=\"summary_large_image\" \/>\n<meta name=\"twitter:site\" content=\"@dreamtech5Info\" \/>\n<meta name=\"twitter:label1\" content=\"Tiempo de lectura\" \/>\n\t<meta name=\"twitter:data1\" content=\"3 minutos\" \/>\n<script type=\"application\/ld+json\" class=\"yoast-schema-graph\">{\"@context\":\"https:\/\/schema.org\",\"@graph\":[{\"@type\":\"WebPage\",\"@id\":\"https:\/\/dreamtech5.com\/web\/es\/aviso-legal\/\",\"url\":\"https:\/\/dreamtech5.com\/web\/es\/aviso-legal\/\",\"name\":\"Aviso legal - Dreamtech\",\"isPartOf\":{\"@id\":\"https:\/\/dreamtech5.com\/web\/#website\"},\"datePublished\":\"2022-03-25T10:58:28+00:00\",\"dateModified\":\"2023-09-07T09:42:35+00:00\",\"breadcrumb\":{\"@id\":\"https:\/\/dreamtech5.com\/web\/es\/aviso-legal\/#breadcrumb\"},\"inLanguage\":\"es\",\"potentialAction\":[{\"@type\":\"ReadAction\",\"target\":[\"https:\/\/dreamtech5.com\/web\/es\/aviso-legal\/\"]}]},{\"@type\":\"BreadcrumbList\",\"@id\":\"https:\/\/dreamtech5.com\/web\/es\/aviso-legal\/#breadcrumb\",\"itemListElement\":[{\"@type\":\"ListItem\",\"position\":1,\"name\":\"Portada\",\"item\":\"https:\/\/dreamtech5.com\/web\/es\/\"},{\"@type\":\"ListItem\",\"position\":2,\"name\":\"Aviso legal\"}]},{\"@type\":\"WebSite\",\"@id\":\"https:\/\/dreamtech5.com\/web\/#website\",\"url\":\"https:\/\/dreamtech5.com\/web\/\",\"name\":\"Dreamtech\",\"description\":\"Dreamtech, video 3D, Realidad virtual y Realidad Aumentada.\",\"publisher\":{\"@id\":\"https:\/\/dreamtech5.com\/web\/#organization\"},\"potentialAction\":[{\"@type\":\"SearchAction\",\"target\":{\"@type\":\"EntryPoint\",\"urlTemplate\":\"https:\/\/dreamtech5.com\/web\/?s={search_term_string}\"},\"query-input\":\"required name=search_term_string\"}],\"inLanguage\":\"es\"},{\"@type\":\"Organization\",\"@id\":\"https:\/\/dreamtech5.com\/web\/#organization\",\"name\":\"Dreamtech\",\"url\":\"https:\/\/dreamtech5.com\/web\/\",\"logo\":{\"@type\":\"ImageObject\",\"inLanguage\":\"es\",\"@id\":\"https:\/\/dreamtech5.com\/web\/#\/schema\/logo\/image\/\",\"url\":\"https:\/\/dreamtech5.com\/web\/wp-content\/uploads\/2022\/03\/Dreamtech-logo-negro.png\",\"contentUrl\":\"https:\/\/dreamtech5.com\/web\/wp-content\/uploads\/2022\/03\/Dreamtech-logo-negro.png\",\"width\":172,\"height\":51,\"caption\":\"Dreamtech\"},\"image\":{\"@id\":\"https:\/\/dreamtech5.com\/web\/#\/schema\/logo\/image\/\"},\"sameAs\":[\"https:\/\/x.com\/dreamtech5Info\",\"https:\/\/www.linkedin.com\/company\/dreamtech5\",\"https:\/\/www.youtube.com\/channel\/UCrddn2IC1KNPvMC3-IEnXvA\"]}]}<\/script>\n<!-- \/ Yoast SEO plugin. -->","yoast_head_json":{"title":"Aviso legal - Dreamtech","robots":{"index":"noindex","follow":"nofollow"},"og_locale":"es_ES","og_type":"article","og_title":"Aviso legal - Dreamtech","og_description":"TITULARIDAD Se informa a los usuarios de la presente p\u00e1gina web, en adelante Usuario, que el titular del website https:\/\/www.dreamtech5.com, en adelante Sitio Web, es la BCN NET TRANSLATIONS SL, cuya direcci\u00f3n es C\/ San Josep 12, 1. 08302 Matar\u00f3 (Barcelona) CONDICIONES DE USO El acceso al Sitio Web es libre y gratuito siempre que [&hellip;]","og_url":"https:\/\/dreamtech5.com\/web\/es\/aviso-legal\/","og_site_name":"Dreamtech","article_modified_time":"2023-09-07T09:42:35+00:00","twitter_card":"summary_large_image","twitter_site":"@dreamtech5Info","twitter_misc":{"Tiempo de lectura":"3 minutos"},"schema":{"@context":"https:\/\/schema.org","@graph":[{"@type":"WebPage","@id":"https:\/\/dreamtech5.com\/web\/es\/aviso-legal\/","url":"https:\/\/dreamtech5.com\/web\/es\/aviso-legal\/","name":"Aviso legal - Dreamtech","isPartOf":{"@id":"https:\/\/dreamtech5.com\/web\/#website"},"datePublished":"2022-03-25T10:58:28+00:00","dateModified":"2023-09-07T09:42:35+00:00","breadcrumb":{"@id":"https:\/\/dreamtech5.com\/web\/es\/aviso-legal\/#breadcrumb"},"inLanguage":"es","potentialAction":[{"@type":"ReadAction","target":["https:\/\/dreamtech5.com\/web\/es\/aviso-legal\/"]}]},{"@type":"BreadcrumbList","@id":"https:\/\/dreamtech5.com\/web\/es\/aviso-legal\/#breadcrumb","itemListElement":[{"@type":"ListItem","position":1,"name":"Portada","item":"https:\/\/dreamtech5.com\/web\/es\/"},{"@type":"ListItem","position":2,"name":"Aviso legal"}]},{"@type":"WebSite","@id":"https:\/\/dreamtech5.com\/web\/#website","url":"https:\/\/dreamtech5.com\/web\/","name":"Dreamtech","description":"Dreamtech, video 3D, Realidad virtual y Realidad Aumentada.","publisher":{"@id":"https:\/\/dreamtech5.com\/web\/#organization"},"potentialAction":[{"@type":"SearchAction","target":{"@type":"EntryPoint","urlTemplate":"https:\/\/dreamtech5.com\/web\/?s={search_term_string}"},"query-input":"required name=search_term_string"}],"inLanguage":"es"},{"@type":"Organization","@id":"https:\/\/dreamtech5.com\/web\/#organization","name":"Dreamtech","url":"https:\/\/dreamtech5.com\/web\/","logo":{"@type":"ImageObject","inLanguage":"es","@id":"https:\/\/dreamtech5.com\/web\/#\/schema\/logo\/image\/","url":"https:\/\/dreamtech5.com\/web\/wp-content\/uploads\/2022\/03\/Dreamtech-logo-negro.png","contentUrl":"https:\/\/dreamtech5.com\/web\/wp-content\/uploads\/2022\/03\/Dreamtech-logo-negro.png","width":172,"height":51,"caption":"Dreamtech"},"image":{"@id":"https:\/\/dreamtech5.com\/web\/#\/schema\/logo\/image\/"},"sameAs":["https:\/\/x.com\/dreamtech5Info","https:\/\/www.linkedin.com\/company\/dreamtech5","https:\/\/www.youtube.com\/channel\/UCrddn2IC1KNPvMC3-IEnXvA"]}]}},"_links":{"self":[{"href":"https:\/\/dreamtech5.com\/web\/wp-json\/wp\/v2\/pages\/1469"}],"collection":[{"href":"https:\/\/dreamtech5.com\/web\/wp-json\/wp\/v2\/pages"}],"about":[{"href":"https:\/\/dreamtech5.com\/web\/wp-json\/wp\/v2\/types\/page"}],"author":[{"embeddable":true,"href":"https:\/\/dreamtech5.com\/web\/wp-json\/wp\/v2\/users\/1"}],"replies":[{"embeddable":true,"href":"https:\/\/dreamtech5.com\/web\/wp-json\/wp\/v2\/comments?post=1469"}],"version-history":[{"count":8,"href":"https:\/\/dreamtech5.com\/web\/wp-json\/wp\/v2\/pages\/1469\/revisions"}],"predecessor-version":[{"id":6327,"href":"https:\/\/dreamtech5.com\/web\/wp-json\/wp\/v2\/pages\/1469\/revisions\/6327"}],"wp:attachment":[{"href":"https:\/\/dreamtech5.com\/web\/wp-json\/wp\/v2\/media?parent=1469"}],"curies":[{"name":"wp","href":"https:\/\/api.w.org\/{rel}","templated":true}]}}